{"id":13345,"date":"2017-07-31T12:54:58","date_gmt":"2017-07-31T12:54:58","guid":{"rendered":"https:\/\/morz.vamtam.com\/?page_id=13345"},"modified":"2022-10-28T12:19:05","modified_gmt":"2022-10-28T12:19:05","slug":"lazienda","status":"publish","type":"page","link":"https:\/\/srs-shutters.com\/en\/lazienda\/","title":{"rendered":"L&#8217;AZIENDA"},"content":{"rendered":"<div class=\"vgblk-rw-wrapper limit-wrapper\">\n\n\t<h1>Aluminium roller shutters for vehicles<\/h1>\n\t<h5>Serena Production srl \u00e8 un&#8217;azienda di Brescia con 50 anni di esperienza nel settore allestimento mezzi speciali. Siamo specializzati nella lavorazione dell&#8217;alluminio per produrre serrande per veicoli commerciali e industriali, mezzi di soccorso e furgoni.<\/h5>\n\tSerena Production srl \u00e8 un&#8217; azienda specializzata nella lavorazione dell&#8217;alluminio, che si occupa in particolare dell&#8217;allestimento di automezzi speciali, mezzi di soccorso, furgoni e veicoli industriali.\nRivolgetevi con fiducia ai nostri tecnici per elaborare la migliore delle soluzioni possibili ed offrirvi prodotti estremamente funzionali, quali:\u00a0<strong id=\"1571813037\">serrande avvolgibili<\/strong>\u00a0in alluminio,\u00a0<strong id=\"1205081961\">serrande motorizzate<\/strong>,\u00a0<strong id=\"1436683463\">uffici mobili polifunzionali<\/strong>.\n<h5>\n\tKNOW HOW\n\t<\/h5>\n\t<p>L&#8217;azienda fa vanto delle pi\u00f9 avanzate e moderne soluzioni in tutte le fasi che portano alla realizzazione del prodotto: dall&#8217;estrusione dei profili, alla loro lavorazione, allo stampaggio dei particolari, fino all&#8217;imballaggio.<\/p>\n<h5>\n\tQUALITY\n\t<\/h5>\n\t<p>All the production phases are monitored by qualified personnel that constantly check the manufacturing and characteristics of the final products.<\/p>\n<h5>\n\tCUSTOMERS RELATIONSHIP\n\t<\/h5>\n\t<p>Our staff is always at the customer disposal, for requests, technical advices and help, in order to find always new and better solutions for the mounting, by taking advantage of the customers\u2019 suggestions and help.<\/p>\n<h5>\n\tCUSTOMIZATION\n\t<\/h5>\n\t<p>Se il cliente lo richiede \u00e8 possibile personalizzare le serrande con l&#8217;inserimento del logo o del suo nominativo su alcuni particolari della serranda.<\/p>\n<h5>\n\tAVAILABILITY AND QUICK DELIVERY TERMS\n\t<\/h5>\n\t<p>SRS offre al cliente disponibilit\u00e0 e tempi rapidi nello stilare il preventivo, fare l&#8217;ordine e nella consegna. Le parti di ricambio sono sempre disponibili.<\/p>\n<h5>\n\tEXPERIENCE\n\t<\/h5>\n\t<p>Tra i punti di forza dell&#8217;azienda possiamo annoverare l&#8217;esperienza di 50 anni nella produzione di serrande in alluminio per autoveicoli e l&#8217;eccellente abilit\u00e0 nella lavorazione dei profili in alluminio.<\/p>\n\t\t\t\t<a href=\"\/en\/servizi\/\" target=\"_self\" itemprop=\"url\" title=\"furgoni\" rel=\"noopener\">\n\t\t\t\t\t\t\t<img decoding=\"async\" loading=\"lazy\" width=\"600\" height=\"600\" src=\"http:\/\/srs-shutters.com\/wp-content\/uploads\/2022\/10\/furgoni.jpg\" alt=\"furgoni\" itemprop=\"image\" data-link-type=\"url\" title=\"furgoni\" onerror=\"this.style.display='none'\"  sizes=\"(max-width: 768px) 100vw, 100vw\" srcset=\"data:image\/svg+xml;utf8,&lt;svg%20xmlns=&quot;http:\/\/www.w3.org\/2000\/svg&quot;%20viewBox=&quot;0%200%20600%20600&quot;%20height=&quot;600px&quot;%20width=&quot;600px&quot;\/&gt;\" data-srcset=\"http:\/\/srs-shutters.com\/wp-content\/uploads\/2022\/10\/furgoni.jpg 600w, http:\/\/srs-shutters.com\/wp-content\/uploads\/2022\/10\/furgoni-300x300.jpg 300w, http:\/\/srs-shutters.com\/wp-content\/uploads\/2022\/10\/furgoni-150x150.jpg 150w, http:\/\/srs-shutters.com\/wp-content\/uploads\/2022\/10\/furgoni-420x420.jpg 420w, http:\/\/srs-shutters.com\/wp-content\/uploads\/2022\/10\/furgoni-315x315.jpg 315w, http:\/\/srs-shutters.com\/wp-content\/uploads\/2022\/10\/furgoni-100x100.jpg 100w\" \/>\t\t\t\t\t\t<\/a>\n\t\t\t\t<a href=\"\/en\/mezzi-per-protezione-civile-e-soccorso\/\" target=\"_self\" itemprop=\"url\" title=\"veicoli-em-2\" rel=\"noopener\">\n\t\t\t\t\t\t\t<img decoding=\"async\" loading=\"lazy\" width=\"500\" height=\"500\" src=\"http:\/\/srs-shutters.com\/wp-content\/uploads\/2022\/10\/veicoli-em-2.jpg\" alt=\"veicoli-em-2\" itemprop=\"image\" data-link-type=\"url\" title=\"veicoli-em-2\" onerror=\"this.style.display='none'\"  sizes=\"(max-width: 768px) 100vw, 100vw\" srcset=\"data:image\/svg+xml;utf8,&lt;svg%20xmlns=&quot;http:\/\/www.w3.org\/2000\/svg&quot;%20viewBox=&quot;0%200%20500%20500&quot;%20height=&quot;500px&quot;%20width=&quot;500px&quot;\/&gt;\" data-srcset=\"http:\/\/srs-shutters.com\/wp-content\/uploads\/2022\/10\/veicoli-em-2.jpg 500w, http:\/\/srs-shutters.com\/wp-content\/uploads\/2022\/10\/veicoli-em-2-300x300.jpg 300w, http:\/\/srs-shutters.com\/wp-content\/uploads\/2022\/10\/veicoli-em-2-150x150.jpg 150w, http:\/\/srs-shutters.com\/wp-content\/uploads\/2022\/10\/veicoli-em-2-420x420.jpg 420w, http:\/\/srs-shutters.com\/wp-content\/uploads\/2022\/10\/veicoli-em-2-315x315.jpg 315w, http:\/\/srs-shutters.com\/wp-content\/uploads\/2022\/10\/veicoli-em-2-100x100.jpg 100w\" \/>\t\t\t\t\t\t<\/a>\n\t\t\t\t<a href=\"\/en\/veicoli-vigili-del-fuoco\/\" target=\"_self\" itemprop=\"url\" title=\"veic\" rel=\"noopener\">\n\t\t\t\t\t\t\t<img decoding=\"async\" loading=\"lazy\" width=\"500\" height=\"500\" src=\"http:\/\/srs-shutters.com\/wp-content\/uploads\/2022\/10\/veic.jpg\" alt=\"veic\" itemprop=\"image\" data-link-type=\"url\" title=\"veic\" onerror=\"this.style.display='none'\"  sizes=\"(max-width: 768px) 100vw, 100vw\" srcset=\"data:image\/svg+xml;utf8,&lt;svg%20xmlns=&quot;http:\/\/www.w3.org\/2000\/svg&quot;%20viewBox=&quot;0%200%20500%20500&quot;%20height=&quot;500px&quot;%20width=&quot;500px&quot;\/&gt;\" data-srcset=\"http:\/\/srs-shutters.com\/wp-content\/uploads\/2022\/10\/veic.jpg 500w, http:\/\/srs-shutters.com\/wp-content\/uploads\/2022\/10\/veic-300x300.jpg 300w, http:\/\/srs-shutters.com\/wp-content\/uploads\/2022\/10\/veic-150x150.jpg 150w, http:\/\/srs-shutters.com\/wp-content\/uploads\/2022\/10\/veic-420x420.jpg 420w, http:\/\/srs-shutters.com\/wp-content\/uploads\/2022\/10\/veic-315x315.jpg 315w, http:\/\/srs-shutters.com\/wp-content\/uploads\/2022\/10\/veic-100x100.jpg 100w\" \/>\t\t\t\t\t\t<\/a>\n\t\t\t\t<a href=\"https:\/\/srs-shutters.com\/en\/prodotti\/\" target=\"_self\" itemprop=\"url\" title=\"prodotti-1\" rel=\"noopener\">\n\t\t\t\t\t\t\t<img decoding=\"async\" loading=\"lazy\" width=\"500\" height=\"500\" src=\"http:\/\/srs-shutters.com\/wp-content\/uploads\/2022\/10\/prodotti-1.jpg\" alt=\"prodotti-1\" itemprop=\"image\" data-link-type=\"url\" title=\"prodotti-1\" onerror=\"this.style.display='none'\"  sizes=\"(max-width: 768px) 100vw, 100vw\" srcset=\"data:image\/svg+xml;utf8,&lt;svg%20xmlns=&quot;http:\/\/www.w3.org\/2000\/svg&quot;%20viewBox=&quot;0%200%20500%20500&quot;%20height=&quot;500px&quot;%20width=&quot;500px&quot;\/&gt;\" data-srcset=\"http:\/\/srs-shutters.com\/wp-content\/uploads\/2022\/10\/prodotti-1.jpg 500w, http:\/\/srs-shutters.com\/wp-content\/uploads\/2022\/10\/prodotti-1-300x300.jpg 300w, http:\/\/srs-shutters.com\/wp-content\/uploads\/2022\/10\/prodotti-1-150x150.jpg 150w, http:\/\/srs-shutters.com\/wp-content\/uploads\/2022\/10\/prodotti-1-420x420.jpg 420w, http:\/\/srs-shutters.com\/wp-content\/uploads\/2022\/10\/prodotti-1-315x315.jpg 315w, http:\/\/srs-shutters.com\/wp-content\/uploads\/2022\/10\/prodotti-1-100x100.jpg 100w\" \/>\t\t\t\t\t\t<\/a>\n<h5>\n\tScopri tutti i prodotti e servizi offerti\n\t<\/h5>\n\t\t\t<a href=\"https:\/\/srs-shutters.com\/en\/prodotti\/\" target=\"_self\" role=\"button\" rel=\"noopener\">\n\t\t\t\t\t\tShop prodotti\n\t\t\t\t\t<\/a>\n\t<a href=\"\/en\/services\/\" target=\"_self\" role=\"button\" rel=\"noopener\">\n\t\t\t\t\tShop Prodotti\n\t<\/a>\n\t<ul>\n<li>Manual roller shutter<\/li>\n<li>Motorized roller shutter<\/li>\n<li>Retractable damper<\/li>\n<\/ul>\n\t<ul>\n<li>Assisted pushing ribbon<\/li>\n<li>Manual mechanical combination special for drinks transport<\/li>\n<\/ul>\n\t<ul>\n<li>Accessories<\/li>\n<li>Furnishing for vehicles<\/li>\n<li>Trailers<\/li>\n<\/ul>\n<h2 class=\" translation-block\"><span class=\"vamtam-heading-text\">Our<b>Company<\/b><\/span><\/h2>\n\t<p>La nostra societ\u00e0 \u00e8 nata nel 1972 a Flero, nell&#8217;interland dell&#8217;industriosa Brescia e si \u00e8 affermata sul mercato operando nella lavorazione di profili in alluminio per autoveicoli e negli assemblaggi ed allestimenti di veicoli speciali. Da circa vent&#8217;anni abbiamo approfondito la ricerca sulle serrande in alluminio per autoveicoli ed uso industriale realizzando, accanto alla tradizionale serranda &#8220;SERENA&#8221; con avvolgimento meccanico, la serranda &#8220;SERENA&#8221; con avvolgimento motorizzato.<\/p>\n<h2 class=\" translation-block\"><span class=\"vamtam-heading-text\">Industry <b>benchmark<\/b><\/span><\/h2>\n<p>Le principali carrozzerie, per grandi commesse nazionali ed internazionali di automezzi antincendio e polisoccorso, hanno utilizzato le nostre serrande in alluminio ed hanno molto apprezzato il nostro contributo nell&#8217;allestimento di veicoli speciali. Il grande numero di serrande fornite agli automezzi dei Vigili del Fuoco e della Protezione Civile, danno la misura dell&#8217;affidabilit\u00e0 della nostra produzione e della nostra perizia nell&#8217;assemblaggio ed allestimenti.<\/p>\n<h2 class=\" translation-block\"><span class=\"vamtam-heading-text\">Contact us for <b>information<\/b><\/span><\/h2>\n<h4>\n\tEQUIPMENT AND SHUTTERS FOR VEHICLES\n\t<\/h4>\n\tPer ricevere maggiori informazioni o per richiedere un preventivo in merito ai nostri\u00a0<strong id=\"1632634175\">allestimenti per veicoli speciali<\/strong>, compila il form presente in questa pagina. Verrai ricontattato in tempi brevi dal nostro staff incaricato.\nIn alternativa contatta direttamente la sede di Serena Production srl ai numeri di telefono:\n<p><strong id=\"1246094839\">030 2680909 &#8211; 030 2677496 &#8211; 030 2170480<\/strong><\/p>\n    Avviso: JavaScript \u00e8 obbligatorio per questo contenuto.\n        <!-- TODO: Move to Template File. -->\n        \n<\/div><!-- .vgblk-rw-wrapper -->","protected":false},"excerpt":{"rendered":"<p>Serrande in alluminio per autoveicoli Serena Production srl \u00e8 un&#8217;azienda di Brescia con 50 anni di esperienza nel settore allestimento mezzi speciali. Siamo specializzati nella lavorazione dell&#8217;alluminio per produrre serrande per veicoli commerciali e industriali, mezzi di soccorso e furgoni. Serena Production srl \u00e8 un&#8217; azienda specializzata nella lavorazione dell&#8217;alluminio, che si occupa in particolare&#8230;<\/p>","protected":false},"author":2,"featured_media":0,"parent":0,"menu_order":0,"comment_status":"closed","ping_status":"closed","template":"","meta":{"inline_featured_image":false,"footnotes":""},"_links":{"self":[{"href":"https:\/\/srs-shutters.com\/en\/wp-json\/wp\/v2\/pages\/13345"}],"collection":[{"href":"https:\/\/srs-shutters.com\/en\/wp-json\/wp\/v2\/pages"}],"about":[{"href":"https:\/\/srs-shutters.com\/en\/wp-json\/wp\/v2\/types\/page"}],"author":[{"embeddable":true,"href":"https:\/\/srs-shutters.com\/en\/wp-json\/wp\/v2\/users\/2"}],"replies":[{"embeddable":true,"href":"https:\/\/srs-shutters.com\/en\/wp-json\/wp\/v2\/comments?post=13345"}],"version-history":[{"count":0,"href":"https:\/\/srs-shutters.com\/en\/wp-json\/wp\/v2\/pages\/13345\/revisions"}],"wp:attachment":[{"href":"https:\/\/srs-shutters.com\/en\/wp-json\/wp\/v2\/media?parent=13345"}],"curies":[{"name":"wp","href":"https:\/\/api.w.org\/{rel}","templated":true}]}}