{"id":15230,"date":"2018-01-11T02:19:08","date_gmt":"2018-01-11T02:19:08","guid":{"rendered":"https:\/\/morz.vamtam.com\/?page_id=15230"},"modified":"2023-01-27T11:43:17","modified_gmt":"2023-01-27T11:43:17","slug":"mappa-sedi","status":"publish","type":"page","link":"https:\/\/srs-shutters.com\/en\/mappa-sedi\/","title":{"rendered":"MAPPA SEDI"},"content":{"rendered":"<div class=\"vgblk-rw-wrapper limit-wrapper\">\n<h2>\n\tOur partner\n\t<\/h2>\n\tSRS SHUTTERS\u00a0 opera a livello nazionale e internazionale.<br \/>\nLa rete di distribuzione \u00e8 capillare, con pi\u00f9 punti di riferimento sul territorio italiano ed estero.<br \/>\nLa capacit\u00e0 di seguire ogni singola fornitura, dalla fase di proposta e acquisizione dell&#8217;ordine, fino alla consegna e assistenza post-vendita\n\t\t\t\t\t\t\t<img decoding=\"async\" loading=\"lazy\" width=\"780\" height=\"348\" src=\"http:\/\/srs-shutters.com\/wp-content\/uploads\/2022\/11\/world-map.jpg\" alt=\"world-map\" itemprop=\"image\" title=\"world-map\" onerror=\"this.style.display='none'\"  sizes=\"(max-width: 768px) 100vw, 100vw\" srcset=\"https:\/\/srs-shutters.com\/wp-content\/uploads\/2022\/11\/world-map.jpg 780w, https:\/\/srs-shutters.com\/wp-content\/uploads\/2022\/11\/world-map-300x134.jpg 300w, https:\/\/srs-shutters.com\/wp-content\/uploads\/2022\/11\/world-map-768x343.jpg 768w, https:\/\/srs-shutters.com\/wp-content\/uploads\/2022\/11\/world-map-18x8.jpg 18w, https:\/\/srs-shutters.com\/wp-content\/uploads\/2022\/11\/world-map-630x281.jpg 630w, https:\/\/srs-shutters.com\/wp-content\/uploads\/2022\/11\/world-map-420x187.jpg 420w, https:\/\/srs-shutters.com\/wp-content\/uploads\/2022\/11\/world-map-315x141.jpg 315w\" \/>\t\t\t\t\t\t\t\n<h2>\n\t<b>Italy<\/b>\n\t<\/h2>\n<h2>\n\tSerena Production S.r.l.\n\t<\/h2>\n\t\t\t<a href=\"\" target=\"_self\" role=\"button\" rel=\"noopener\">\n\t\t\t\t\t\tVia B. Castelli, 44-46-48 Montirone (BS)\n\t\t\t\t\t<\/a>\n\t\t\t<a href=\"\" target=\"_self\" role=\"button\" rel=\"noopener\">\n\t\t\t\t\t\t+39 030 2677496\n\t\t\t\t\t<\/a>\n\t\t\t<a href=\"\" target=\"_self\" role=\"button\" rel=\"noopener\">\n\t\t\t\t\t\t+39 030 2170480\n\t\t\t\t\t<\/a>\n\t\t\t<a href=\"\" target=\"_self\" role=\"button\" rel=\"noopener\">\n\t\t\t\t\t\t sales@srs-shutters.com\n\t\t\t\t\t<\/a>\n\t\t\t<a href=\"https:\/\/serenaproduction.it\/\" target=\"_blank\" role=\"button\" rel=\"noopener\">\n\t\t\t\t\t\twww.serenaproduction.it\n\t\t\t\t\t<\/a>\n\t\t<iframe src=\"https:\/\/maps.google.com\/maps?q=Via+Benedetto+Castelli%2C+46+25010+Montirone+BS&#038;iwloc=near&#038;output=embed\" height=\"200\" frameborder=\"0\" loading=\"lazy\"><\/iframe>\n<h2>\n\t<b>Italy<\/b>\n\t<\/h2>\n<h2>\n\tFireco S.r.l.\n\t<\/h2>\n\t\t\t<a href=\"\" target=\"_self\" role=\"button\" rel=\"noopener\">\n\t\t\t\t\t\tVia E.Fermi, 56 &#8211; 25064 Gussago (BS)\n\t\t\t\t\t<\/a>\n\t\t\t<a href=\"\" target=\"_self\" role=\"button\" rel=\"noopener\">\n\t\t\t\t\t\t+39 030 373 3916\n\t\t\t\t\t<\/a>\n\t\t\t<a href=\"\" target=\"_self\" role=\"button\" rel=\"noopener\">\n\t\t\t\t\t\t +39 030 373 3762\n\t\t\t\t\t<\/a>\n\t\t\t<a href=\"\" target=\"_self\" role=\"button\" rel=\"noopener\">\n\t\t\t\t\t\t info@fireco.eu\n\t\t\t\t\t<\/a>\n\t\t\t<a href=\"https:\/\/fireco.eu\/\" target=\"_blank\" role=\"button\" rel=\"noopener\">\n\t\t\t\t\t\t www.fireco.eu\n\t\t\t\t\t<\/a>\n\t\t<iframe src=\"https:\/\/maps.google.com\/maps?q=Via+Via+E.Fermi%2C+56+25064+Gussago+%28BS%29+&#038;iwloc=near&#038;output=embed\" height=\"200\" frameborder=\"0\" loading=\"lazy\"><\/iframe>\n<h2>\n\t<b>Belgium<\/b>\n\t<\/h2>\n<h2>\n\tFireco System N.V.\n\t<\/h2>\n\t\t\t<a href=\"\" target=\"_self\" role=\"button\" rel=\"noopener\">\n\t\t\t\t\t\tDiestersteenweg, 142 &#8211; 3510 KERMT (Hasselt)\n\t\t\t\t\t<\/a>\n\t\t\t<a href=\"\" target=\"_self\" role=\"button\" rel=\"noopener\">\n\t\t\t\t\t\t+32 118 516 02\n\t\t\t\t\t<\/a>\n\t\t\t<a href=\"\" target=\"_self\" role=\"button\" rel=\"noopener\">\n\t\t\t\t\t\t+32 118 516 04\n\t\t\t\t\t<\/a>\n\t\t\t<a href=\"\" target=\"_self\" role=\"button\" rel=\"noopener\">\n\t\t\t\t\t\tinfo@fireco.be\n\t\t\t\t\t<\/a>\n\t\t\t<a href=\"https:\/\/fireco.be\/\" target=\"_blank\" role=\"button\" rel=\"noopener\">\n\t\t\t\t\t\twww.fireco.be\n\t\t\t\t\t<\/a>\n\t\t<iframe src=\"https:\/\/maps.google.com\/maps?q=Diestersteenweg%2C+142+-+3510+KERMT+%28Hasselt%29&#038;iwloc=near&#038;output=embed\" height=\"200\" frameborder=\"0\" loading=\"lazy\"><\/iframe>\n<h2>\n\t<b>Spain<\/b>\n\t<\/h2>\n<h2>\n\tHispamast S.L.\n\t<\/h2>\n\t\t\t<a href=\"\" target=\"_self\" role=\"button\" rel=\"noopener\">\n\t\t\t\t\t\tC. Esta\u00f1o, 30 &#8211; 28510 Campo Real (Madrid)\n\t\t\t\t\t<\/a>\n\t\t\t<a href=\"\" target=\"_self\" role=\"button\" rel=\"noopener\">\n\t\t\t\t\t\t+34 918 733 733\n\t\t\t\t\t<\/a>\n\t\t\t<a href=\"\" target=\"_self\" role=\"button\" rel=\"noopener\">\n\t\t\t\t\t\t+34 918 765 141\n\t\t\t\t\t<\/a>\n\t\t\t<a href=\"\" target=\"_self\" role=\"button\" rel=\"noopener\">\n\t\t\t\t\t\t info@hispamast.com\n\t\t\t\t\t<\/a>\n\t\t\t<a href=\"https:\/\/hispamast.com\/\" target=\"_blank\" role=\"button\" rel=\"noopener\">\n\t\t\t\t\t\twww.hispamast.com\n\t\t\t\t\t<\/a>\n\t\t<iframe src=\"https:\/\/maps.google.com\/maps?q=C%2FEsta%C3%B1o%2C+30+-+28510+Campo+Real+%28Madrid%29&#038;iwloc=near&#038;output=embed\" height=\"200\" frameborder=\"0\" loading=\"lazy\"><\/iframe>\n<h2>\n\t<b>France<\/b>\n\t<\/h2>\n<h2>\n\tEuromast S.a.r.l.\n\t<\/h2>\n\t\t\t<a href=\"\" target=\"_self\" role=\"button\" rel=\"noopener\">\n\t\t\t\t\t\tSavoie hexapole, 101 Rue L. Armand, 73420 Mery\n\t\t\t\t\t<\/a>\n\t\t\t<a href=\"\" target=\"_self\" role=\"button\" rel=\"noopener\">\n\t\t\t\t\t\t+33 479 349 215\n\t\t\t\t\t<\/a>\n\t\t\t<a href=\"\" target=\"_self\" role=\"button\" rel=\"noopener\">\n\t\t\t\t\t\t+33 479 349 216\n\t\t\t\t\t<\/a>\n\t\t\t<a href=\"\" target=\"_self\" role=\"button\" rel=\"noopener\">\n\t\t\t\t\t\t fireco@euromast.fr\n\t\t\t\t\t<\/a>\n\t\t\t<a href=\"https:\/\/euromast.fr\/\" target=\"_blank\" role=\"button\" rel=\"noopener\">\n\t\t\t\t\t\twww.euromast.fr\n\t\t\t\t\t<\/a>\n\t\t<iframe src=\"https:\/\/maps.google.com\/maps?q=Savoie+hexapole%2C+101+Rue+Louis+Armand%2C+73420+Mery&#038;iwloc=near&#038;output=embed\" height=\"200\" frameborder=\"0\" loading=\"lazy\"><\/iframe>\n<h2>\n\t<b>USA<\/b>\n\t<\/h2>\n<h2>\n\tFireco US\n\t<\/h2>\n\t\t\t<a href=\"\" target=\"_self\" role=\"button\" rel=\"noopener\">\n\t\t\t\t\t\t 1740 N. Gateway Boulevard Fresno, 93727 California\n\t\t\t\t\t<\/a>\n\t\t\t<a href=\"\" target=\"_self\" role=\"button\" rel=\"noopener\">\n\t\t\t\t\t\t+1 559 353 2823\n\t\t\t\t\t<\/a>\n\t\t\t<a href=\"\" target=\"_self\" role=\"button\" rel=\"noopener\">\n\t\t\t\t\t\t+1 559 255 7012\n\t\t\t\t\t<\/a>\n\t\t\t<a href=\"\" target=\"_self\" role=\"button\" rel=\"noopener\">\n\t\t\t\t\t\t info@firecousa.com\n\t\t\t\t\t<\/a>\n\t\t\t<a href=\"https:\/\/tempest-edge.com\/\" target=\"_blank\" role=\"button\" rel=\"noopener\">\n\t\t\t\t\t\t www.firecousa.com\n\t\t\t\t\t<\/a>\n\t\t<iframe src=\"https:\/\/maps.google.com\/maps?q=+1740+N.+Gateway+Boulevard+Fresno%2C+93727+California&#038;iwloc=near&#038;output=embed\" height=\"200\" frameborder=\"0\" loading=\"lazy\"><\/iframe>\n<h2>\n\t<b>Malesia<\/b>\n\t<\/h2>\n<h2>\n\tFireco Asia\n\t<\/h2>\n\t\t\t<a href=\"\" target=\"_self\" role=\"button\" rel=\"noopener\">\n\t\t\t\t\t\tNo. 9, Jalan TP 3\/2, Taman Perindustrian UEP 47160 Subang Jaya\n\t\t\t\t\t<\/a>\n\t\t\t<a href=\"\" target=\"_self\" role=\"button\" rel=\"noopener\">\n\t\t\t\t\t\t+603 8011 2300\n\t\t\t\t\t<\/a>\n\t\t\t<a href=\"\" target=\"_self\" role=\"button\" rel=\"noopener\">\n\t\t\t\t\t\t+603 881 2367\n\t\t\t\t\t<\/a>\n\t\t\t<a href=\"\" target=\"_self\" role=\"button\" rel=\"noopener\">\n\t\t\t\t\t\tgc@fireco-asia.com\n\t\t\t\t\t<\/a>\n\t\t\t<a href=\"https:\/\/fireco-asia.com\" target=\"_blank\" role=\"button\" rel=\"noopener\">\n\t\t\t\t\t\twww.fireco-asia.com\n\t\t\t\t\t<\/a>\n\t\t<iframe src=\"https:\/\/maps.google.com\/maps?q=No.+9%2C+Jalan+TP+3%2F2%2C+Taman+Perindustrian+UEP+47160+Subang+Jaya&#038;iwloc=near&#038;output=embed\" height=\"200\" frameborder=\"0\" loading=\"lazy\"><\/iframe>\n\n<\/div><!-- .vgblk-rw-wrapper -->","protected":false},"excerpt":{"rendered":"<p>Le nostre sedi SRS SHUTTERS\u00a0 opera a livello nazionale e internazionale. La rete di distribuzione \u00e8 capillare, con pi\u00f9 punti di riferimento sul territorio italiano ed estero. La capacit\u00e0 di seguire ogni singola fornitura, dalla fase di proposta e acquisizione dell&#8217;ordine, fino alla consegna e assistenza post-vendita Italy Serena Production S.r.l. Via B. Castelli, 44-46-48&#8230;<\/p>","protected":false},"author":2,"featured_media":0,"parent":0,"menu_order":0,"comment_status":"closed","ping_status":"closed","template":"","meta":{"inline_featured_image":false,"footnotes":""},"_links":{"self":[{"href":"https:\/\/srs-shutters.com\/en\/wp-json\/wp\/v2\/pages\/15230"}],"collection":[{"href":"https:\/\/srs-shutters.com\/en\/wp-json\/wp\/v2\/pages"}],"about":[{"href":"https:\/\/srs-shutters.com\/en\/wp-json\/wp\/v2\/types\/page"}],"author":[{"embeddable":true,"href":"https:\/\/srs-shutters.com\/en\/wp-json\/wp\/v2\/users\/2"}],"replies":[{"embeddable":true,"href":"https:\/\/srs-shutters.com\/en\/wp-json\/wp\/v2\/comments?post=15230"}],"version-history":[{"count":4,"href":"https:\/\/srs-shutters.com\/en\/wp-json\/wp\/v2\/pages\/15230\/revisions"}],"predecessor-version":[{"id":988646,"href":"https:\/\/srs-shutters.com\/en\/wp-json\/wp\/v2\/pages\/15230\/revisions\/988646"}],"wp:attachment":[{"href":"https:\/\/srs-shutters.com\/en\/wp-json\/wp\/v2\/media?parent=15230"}],"curies":[{"name":"wp","href":"https:\/\/api.w.org\/{rel}","templated":true}]}}