{"id":988130,"date":"2022-11-18T14:23:13","date_gmt":"2022-11-18T14:23:13","guid":{"rendered":"http:\/\/srs-shutters.com\/?page_id=988130"},"modified":"2023-06-14T07:10:08","modified_gmt":"2023-06-14T07:10:08","slug":"home-copy","status":"publish","type":"page","link":"https:\/\/srs-shutters.com\/en\/","title":{"rendered":"Home SRS SHUTTER"},"content":{"rendered":"<div class=\"vgblk-rw-wrapper limit-wrapper\">\n<img decoding=\"async\" loading=\"lazy\" width=\"62\" height=\"78\" src=\"http:\/\/srs-shutters.com\/wp-content\/uploads\/2018\/01\/element-support.svg\" alt=\"element-support\" itemprop=\"image\" title=\"element-support\" onerror=\"this.style.display='none'\">\t\t\t\t\t\t\t\n\t<h5>Contact us<\/h5>\n<a href=\"tel: 39 030 2680909\" target=\"_blank\" rel=\"noopener\">+39 030 2680909<\/a><a href=\"tel:  (123) 1800-567-8990\" target=\"_blank\" rel=\"noopener\">&nbsp;<\/a><br>\n<strong>sales@srs-shutters.com<\/strong>\n\t\t\t\t\t\t\t<img decoding=\"async\" loading=\"lazy\" width=\"99\" height=\"60\" src=\"http:\/\/srs-shutters.com\/wp-content\/uploads\/2018\/01\/element-map.svg\" alt=\"element-map\" itemprop=\"image\" title=\"element-map\" onerror=\"this.style.display='none'\">\t\t\t\t\t\t\t\n\t<h5>Location<\/h5>\nVia Benedetto Castelli 44, 46, 48<br>\n25010 Montirone (BS) &#8211; Italia\n\t<a href=\"https:\/\/srs-shutters.com\/en\/applicazioni\/\" target=\"_self\" role=\"button\" rel=\"noopener\">\n\t\t\t\t\t<strong>Applications<\/strong>\n\t<\/a>\n\t<a href=\"https:\/\/srs-shutters.com\/en\/prodotti\/\" target=\"_self\" role=\"button\" rel=\"noopener\">\n\t\t\t\t\t<b>Products<\/b>\n\t<\/a>\n<h5>\n\tCUSTOMIZATION\n\t<\/h5>\n\t<p>Finishing and logos on request<\/p>\n<h5>\n\tCUSTOMERS RELATIONSHIP\n\t<\/h5>\n\t<p>Constant contact with the customer<\/p>\n<h5>\n\tEXPERIENCE\n\t<\/h5>\n\t<p>50 years of experience<\/p>\n<h5>\n\tKNOW HOW\n\t<\/h5>\n\t<p>Modern and innovative production techniques<\/p>\n<h5>\n\tQUALITY\n\t<\/h5>\n\t<p>Monitoring during production<\/p>\n<h5>\n\tDISPONIBILITA&#8217; E TEMPI RAPIDI\n\t<\/h5>\n\t<p>Fast deliveries, spare parts always available<\/p>\n<h2>\n\tOur <b>products<\/b>\n\t<\/h2>\n\t\t\t\t<a href=\"\/en\/product-category\/serrande\/\" target=\"_self\" itemprop=\"url\" title=\"prod quad_0023_Livello 0\" rel=\"noopener\">\n\t\t\t\t\t\t\t<img decoding=\"async\" loading=\"lazy\" width=\"492\" height=\"492\" src=\"http:\/\/srs-shutters.com\/wp-content\/uploads\/2022\/11\/prod-quad_0023_Livello-0.jpg\" alt=\"prod quad_0023_Livello 0\" itemprop=\"image\" data-link-type=\"url\" title=\"prod quad_0023_Livello 0\" onerror=\"this.style.display='none'\" sizes=\"(max-width: 768px) 100vw, 100vw\" srcset=\"https:\/\/srs-shutters.com\/wp-content\/uploads\/2022\/11\/prod-quad_0023_Livello-0.jpg 492w, https:\/\/srs-shutters.com\/wp-content\/uploads\/2022\/11\/prod-quad_0023_Livello-0-300x300.jpg 300w, https:\/\/srs-shutters.com\/wp-content\/uploads\/2022\/11\/prod-quad_0023_Livello-0-150x150.jpg 150w, https:\/\/srs-shutters.com\/wp-content\/uploads\/2022\/11\/prod-quad_0023_Livello-0-12x12.jpg 12w, https:\/\/srs-shutters.com\/wp-content\/uploads\/2022\/11\/prod-quad_0023_Livello-0-420x420.jpg 420w, https:\/\/srs-shutters.com\/wp-content\/uploads\/2022\/11\/prod-quad_0023_Livello-0-315x315.jpg 315w, https:\/\/srs-shutters.com\/wp-content\/uploads\/2022\/11\/prod-quad_0023_Livello-0-100x100.jpg 100w\">\t\t\t\t\t\t<\/a>\n\t\t\t\t<a href=\"\/en\/product-category\/scale\/\" target=\"_self\" itemprop=\"url\" title=\"scala-diritta\" rel=\"noopener\">\n\t\t\t\t\t\t\t<img decoding=\"async\" loading=\"lazy\" width=\"800\" height=\"800\" src=\"http:\/\/srs-shutters.com\/wp-content\/uploads\/2022\/11\/scala-diritta.jpg\" alt=\"scala-diritta\" itemprop=\"image\" data-link-type=\"url\" title=\"scala-diritta\" onerror=\"this.style.display='none'\" sizes=\"(max-width: 768px) 100vw, 100vw\" srcset=\"https:\/\/srs-shutters.com\/wp-content\/uploads\/2022\/11\/scala-diritta.jpg 800w, https:\/\/srs-shutters.com\/wp-content\/uploads\/2022\/11\/scala-diritta-300x300.jpg 300w, https:\/\/srs-shutters.com\/wp-content\/uploads\/2022\/11\/scala-diritta-150x150.jpg 150w, https:\/\/srs-shutters.com\/wp-content\/uploads\/2022\/11\/scala-diritta-768x768.jpg 768w, https:\/\/srs-shutters.com\/wp-content\/uploads\/2022\/11\/scala-diritta-12x12.jpg 12w, https:\/\/srs-shutters.com\/wp-content\/uploads\/2022\/11\/scala-diritta-630x630.jpg 630w, https:\/\/srs-shutters.com\/wp-content\/uploads\/2022\/11\/scala-diritta-420x420.jpg 420w, https:\/\/srs-shutters.com\/wp-content\/uploads\/2022\/11\/scala-diritta-315x315.jpg 315w, https:\/\/srs-shutters.com\/wp-content\/uploads\/2022\/11\/scala-diritta-100x100.jpg 100w\">\t\t\t\t\t\t<\/a>\n\t\t\t\t<a href=\"\/en\/product-category\/slitte\/\" target=\"_self\" itemprop=\"url\" title=\"prod quad_0002_Slitta\" rel=\"noopener\">\n\t\t\t\t\t\t\t<img decoding=\"async\" loading=\"lazy\" width=\"492\" height=\"492\" src=\"http:\/\/srs-shutters.com\/wp-content\/uploads\/2022\/11\/prod-quad_0002_Slitta.jpg\" alt=\"prod quad_0002_Slitta\" itemprop=\"image\" data-link-type=\"url\" title=\"prod quad_0002_Slitta\" onerror=\"this.style.display='none'\" sizes=\"(max-width: 768px) 100vw, 100vw\" srcset=\"https:\/\/srs-shutters.com\/wp-content\/uploads\/2022\/11\/prod-quad_0002_Slitta.jpg 492w, https:\/\/srs-shutters.com\/wp-content\/uploads\/2022\/11\/prod-quad_0002_Slitta-300x300.jpg 300w, https:\/\/srs-shutters.com\/wp-content\/uploads\/2022\/11\/prod-quad_0002_Slitta-150x150.jpg 150w, https:\/\/srs-shutters.com\/wp-content\/uploads\/2022\/11\/prod-quad_0002_Slitta-12x12.jpg 12w, https:\/\/srs-shutters.com\/wp-content\/uploads\/2022\/11\/prod-quad_0002_Slitta-420x420.jpg 420w, https:\/\/srs-shutters.com\/wp-content\/uploads\/2022\/11\/prod-quad_0002_Slitta-315x315.jpg 315w, https:\/\/srs-shutters.com\/wp-content\/uploads\/2022\/11\/prod-quad_0002_Slitta-100x100.jpg 100w\">\t\t\t\t\t\t<\/a>\n\t\t\t\t<a href=\"\/en\/product-category\/cassetti\/\" target=\"_self\" itemprop=\"url\" title=\"prod quad_0014_Cassetti in alluminio\" rel=\"noopener\">\n\t\t\t\t\t\t\t<img decoding=\"async\" loading=\"lazy\" width=\"492\" height=\"492\" src=\"http:\/\/srs-shutters.com\/wp-content\/uploads\/2022\/11\/prod-quad_0014_Cassetti-in-alluminio.jpg\" alt=\"prod quad_0014_Cassetti in alluminio\" itemprop=\"image\" data-link-type=\"url\" title=\"prod quad_0014_Cassetti in alluminio\" onerror=\"this.style.display='none'\" sizes=\"(max-width: 768px) 100vw, 100vw\" srcset=\"https:\/\/srs-shutters.com\/wp-content\/uploads\/2022\/11\/prod-quad_0014_Cassetti-in-alluminio.jpg 492w, https:\/\/srs-shutters.com\/wp-content\/uploads\/2022\/11\/prod-quad_0014_Cassetti-in-alluminio-300x300.jpg 300w, https:\/\/srs-shutters.com\/wp-content\/uploads\/2022\/11\/prod-quad_0014_Cassetti-in-alluminio-150x150.jpg 150w, https:\/\/srs-shutters.com\/wp-content\/uploads\/2022\/11\/prod-quad_0014_Cassetti-in-alluminio-12x12.jpg 12w, https:\/\/srs-shutters.com\/wp-content\/uploads\/2022\/11\/prod-quad_0014_Cassetti-in-alluminio-420x420.jpg 420w, https:\/\/srs-shutters.com\/wp-content\/uploads\/2022\/11\/prod-quad_0014_Cassetti-in-alluminio-315x315.jpg 315w, https:\/\/srs-shutters.com\/wp-content\/uploads\/2022\/11\/prod-quad_0014_Cassetti-in-alluminio-100x100.jpg 100w\">\t\t\t\t\t\t<\/a>\n\t\t\t\t<a href=\"\/en\/product-category\/casse\/\" target=\"_self\" itemprop=\"url\" title=\"prod quad_0016_Casse\" rel=\"noopener\">\n\t\t\t\t\t\t\t<img decoding=\"async\" loading=\"lazy\" width=\"492\" height=\"492\" src=\"http:\/\/srs-shutters.com\/wp-content\/uploads\/2022\/11\/prod-quad_0016_Casse.jpg\" alt=\"prod quad_0016_Casse\" itemprop=\"image\" data-link-type=\"url\" title=\"prod quad_0016_Casse\" onerror=\"this.style.display='none'\" sizes=\"(max-width: 768px) 100vw, 100vw\" srcset=\"https:\/\/srs-shutters.com\/wp-content\/uploads\/2022\/11\/prod-quad_0016_Casse.jpg 492w, https:\/\/srs-shutters.com\/wp-content\/uploads\/2022\/11\/prod-quad_0016_Casse-300x300.jpg 300w, https:\/\/srs-shutters.com\/wp-content\/uploads\/2022\/11\/prod-quad_0016_Casse-150x150.jpg 150w, https:\/\/srs-shutters.com\/wp-content\/uploads\/2022\/11\/prod-quad_0016_Casse-12x12.jpg 12w, https:\/\/srs-shutters.com\/wp-content\/uploads\/2022\/11\/prod-quad_0016_Casse-420x420.jpg 420w, https:\/\/srs-shutters.com\/wp-content\/uploads\/2022\/11\/prod-quad_0016_Casse-315x315.jpg 315w, https:\/\/srs-shutters.com\/wp-content\/uploads\/2022\/11\/prod-quad_0016_Casse-100x100.jpg 100w\">\t\t\t\t\t\t<\/a>\n\t\t\t\t<a href=\"\/en\/product-category\/terminali-di-chiusura\/\" target=\"_self\" itemprop=\"url\" title=\"prod quad_0000_Terminale T2 GRIP\" rel=\"noopener\">\n\t\t\t\t\t\t\t<img decoding=\"async\" loading=\"lazy\" width=\"492\" height=\"492\" src=\"http:\/\/srs-shutters.com\/wp-content\/uploads\/2022\/11\/prod-quad_0000_Terminale-T2-GRIP.jpg\" alt=\"prod quad_0000_Terminale T2 GRIP\" itemprop=\"image\" data-link-type=\"url\" title=\"prod quad_0000_Terminale T2 GRIP\" onerror=\"this.style.display='none'\" sizes=\"(max-width: 768px) 100vw, 100vw\" srcset=\"https:\/\/srs-shutters.com\/wp-content\/uploads\/2022\/11\/prod-quad_0000_Terminale-T2-GRIP.jpg 492w, https:\/\/srs-shutters.com\/wp-content\/uploads\/2022\/11\/prod-quad_0000_Terminale-T2-GRIP-300x300.jpg 300w, https:\/\/srs-shutters.com\/wp-content\/uploads\/2022\/11\/prod-quad_0000_Terminale-T2-GRIP-150x150.jpg 150w, https:\/\/srs-shutters.com\/wp-content\/uploads\/2022\/11\/prod-quad_0000_Terminale-T2-GRIP-12x12.jpg 12w, https:\/\/srs-shutters.com\/wp-content\/uploads\/2022\/11\/prod-quad_0000_Terminale-T2-GRIP-420x420.jpg 420w, https:\/\/srs-shutters.com\/wp-content\/uploads\/2022\/11\/prod-quad_0000_Terminale-T2-GRIP-315x315.jpg 315w, https:\/\/srs-shutters.com\/wp-content\/uploads\/2022\/11\/prod-quad_0000_Terminale-T2-GRIP-100x100.jpg 100w\">\t\t\t\t\t\t<\/a>\n\t\t\t\t<a href=\"\/en\/product-category\/rulli\/\" target=\"_self\" itemprop=\"url\" title=\"prod quad_0006_RULLI\" rel=\"noopener\">\n\t\t\t\t\t\t\t<img decoding=\"async\" loading=\"lazy\" width=\"492\" height=\"492\" src=\"http:\/\/srs-shutters.com\/wp-content\/uploads\/2022\/11\/prod-quad_0006_RULLI.jpg\" alt=\"prod quad_0006_RULLI\" itemprop=\"image\" data-link-type=\"url\" title=\"prod quad_0006_RULLI\" onerror=\"this.style.display='none'\" sizes=\"(max-width: 768px) 100vw, 100vw\" srcset=\"https:\/\/srs-shutters.com\/wp-content\/uploads\/2022\/11\/prod-quad_0006_RULLI.jpg 492w, https:\/\/srs-shutters.com\/wp-content\/uploads\/2022\/11\/prod-quad_0006_RULLI-300x300.jpg 300w, https:\/\/srs-shutters.com\/wp-content\/uploads\/2022\/11\/prod-quad_0006_RULLI-150x150.jpg 150w, https:\/\/srs-shutters.com\/wp-content\/uploads\/2022\/11\/prod-quad_0006_RULLI-12x12.jpg 12w, https:\/\/srs-shutters.com\/wp-content\/uploads\/2022\/11\/prod-quad_0006_RULLI-420x420.jpg 420w, https:\/\/srs-shutters.com\/wp-content\/uploads\/2022\/11\/prod-quad_0006_RULLI-315x315.jpg 315w, https:\/\/srs-shutters.com\/wp-content\/uploads\/2022\/11\/prod-quad_0006_RULLI-100x100.jpg 100w\">\t\t\t\t\t\t<\/a>\n\t\t\t\t<a href=\"\/en\/product-category\/accessori\/\" target=\"_self\" itemprop=\"url\" title=\"prod quad_0012_Cinghia di richiamo\" rel=\"noopener\">\n\t\t\t\t\t\t\t<img decoding=\"async\" loading=\"lazy\" width=\"492\" height=\"492\" src=\"http:\/\/srs-shutters.com\/wp-content\/uploads\/2022\/11\/prod-quad_0012_Cinghia-di-richiamo.jpg\" alt=\"prod quad_0012_Cinghia di richiamo\" itemprop=\"image\" data-link-type=\"url\" title=\"prod quad_0012_Cinghia di richiamo\" onerror=\"this.style.display='none'\" sizes=\"(max-width: 768px) 100vw, 100vw\" srcset=\"https:\/\/srs-shutters.com\/wp-content\/uploads\/2022\/11\/prod-quad_0012_Cinghia-di-richiamo.jpg 492w, https:\/\/srs-shutters.com\/wp-content\/uploads\/2022\/11\/prod-quad_0012_Cinghia-di-richiamo-300x300.jpg 300w, https:\/\/srs-shutters.com\/wp-content\/uploads\/2022\/11\/prod-quad_0012_Cinghia-di-richiamo-150x150.jpg 150w, https:\/\/srs-shutters.com\/wp-content\/uploads\/2022\/11\/prod-quad_0012_Cinghia-di-richiamo-12x12.jpg 12w, https:\/\/srs-shutters.com\/wp-content\/uploads\/2022\/11\/prod-quad_0012_Cinghia-di-richiamo-420x420.jpg 420w, https:\/\/srs-shutters.com\/wp-content\/uploads\/2022\/11\/prod-quad_0012_Cinghia-di-richiamo-315x315.jpg 315w, https:\/\/srs-shutters.com\/wp-content\/uploads\/2022\/11\/prod-quad_0012_Cinghia-di-richiamo-100x100.jpg 100w\">\t\t\t\t\t\t<\/a>\n\t\t\t\t<a href=\"\/en\/product-category\/kit\/\" target=\"_self\" itemprop=\"url\" title=\"prod quad_0022_Meccanismo chiusura porte\" rel=\"noopener\">\n\t\t\t\t\t\t\t<img decoding=\"async\" loading=\"lazy\" width=\"492\" height=\"492\" src=\"http:\/\/srs-shutters.com\/wp-content\/uploads\/2022\/11\/prod-quad_0022_Meccanismo-chiusura-porte.jpg\" alt=\"prod quad_0022_Meccanismo chiusura porte\" itemprop=\"image\" data-link-type=\"url\" title=\"prod quad_0022_Meccanismo chiusura porte\" onerror=\"this.style.display='none'\" sizes=\"(max-width: 768px) 100vw, 100vw\" srcset=\"https:\/\/srs-shutters.com\/wp-content\/uploads\/2022\/11\/prod-quad_0022_Meccanismo-chiusura-porte.jpg 492w, https:\/\/srs-shutters.com\/wp-content\/uploads\/2022\/11\/prod-quad_0022_Meccanismo-chiusura-porte-300x300.jpg 300w, https:\/\/srs-shutters.com\/wp-content\/uploads\/2022\/11\/prod-quad_0022_Meccanismo-chiusura-porte-150x150.jpg 150w, https:\/\/srs-shutters.com\/wp-content\/uploads\/2022\/11\/prod-quad_0022_Meccanismo-chiusura-porte-12x12.jpg 12w, https:\/\/srs-shutters.com\/wp-content\/uploads\/2022\/11\/prod-quad_0022_Meccanismo-chiusura-porte-420x420.jpg 420w, https:\/\/srs-shutters.com\/wp-content\/uploads\/2022\/11\/prod-quad_0022_Meccanismo-chiusura-porte-315x315.jpg 315w, https:\/\/srs-shutters.com\/wp-content\/uploads\/2022\/11\/prod-quad_0022_Meccanismo-chiusura-porte-100x100.jpg 100w\">\t\t\t\t\t\t<\/a>\n\t\t\t\t<a href=\"\/en\/product-category\/finiture\/\" target=\"_self\" itemprop=\"url\" title=\"prod quad_0010_Finiture\" rel=\"noopener\">\n\t\t\t\t\t\t\t<img decoding=\"async\" loading=\"lazy\" width=\"492\" height=\"492\" src=\"http:\/\/srs-shutters.com\/wp-content\/uploads\/2022\/11\/prod-quad_0010_Finiture.jpg\" alt=\"prod quad_0010_Finiture\" itemprop=\"image\" data-link-type=\"url\" title=\"prod quad_0010_Finiture\" onerror=\"this.style.display='none'\" sizes=\"(max-width: 768px) 100vw, 100vw\" srcset=\"https:\/\/srs-shutters.com\/wp-content\/uploads\/2022\/11\/prod-quad_0010_Finiture.jpg 492w, https:\/\/srs-shutters.com\/wp-content\/uploads\/2022\/11\/prod-quad_0010_Finiture-300x300.jpg 300w, https:\/\/srs-shutters.com\/wp-content\/uploads\/2022\/11\/prod-quad_0010_Finiture-150x150.jpg 150w, https:\/\/srs-shutters.com\/wp-content\/uploads\/2022\/11\/prod-quad_0010_Finiture-12x12.jpg 12w, https:\/\/srs-shutters.com\/wp-content\/uploads\/2022\/11\/prod-quad_0010_Finiture-420x420.jpg 420w, https:\/\/srs-shutters.com\/wp-content\/uploads\/2022\/11\/prod-quad_0010_Finiture-315x315.jpg 315w, https:\/\/srs-shutters.com\/wp-content\/uploads\/2022\/11\/prod-quad_0010_Finiture-100x100.jpg 100w\">\t\t\t\t\t\t<\/a>\n\t<a href=\"https:\/\/srs-shutters.com\/en\/applicazioni\/\" target=\"_self\" role=\"button\" rel=\"noopener\">\n\t\t\t\t\t<strong>Applications<\/strong>\n\t<\/a>\n\t<a href=\"https:\/\/srs-shutters.com\/en\/prodotti\/\" target=\"_self\" role=\"button\" rel=\"noopener\">\n\t\t\t\t\t<b>Products<\/b>\n\t<\/a>\n\t\t\t\t\t\t\t<img decoding=\"async\" loading=\"lazy\" width=\"827\" height=\"1265\" src=\"http:\/\/srs-shutters.com\/wp-content\/uploads\/2022\/11\/SRS-Logo.png\" alt=\"SRS-Logo\" itemprop=\"image\" title=\"SRS-Logo\" onerror=\"this.style.display='none'\" sizes=\"(max-width: 768px) 100vw, 100vw\" srcset=\"https:\/\/srs-shutters.com\/wp-content\/uploads\/2022\/11\/SRS-Logo.png 827w, https:\/\/srs-shutters.com\/wp-content\/uploads\/2022\/11\/SRS-Logo-196x300.png 196w, https:\/\/srs-shutters.com\/wp-content\/uploads\/2022\/11\/SRS-Logo-669x1024.png 669w, https:\/\/srs-shutters.com\/wp-content\/uploads\/2022\/11\/SRS-Logo-768x1175.png 768w, https:\/\/srs-shutters.com\/wp-content\/uploads\/2022\/11\/SRS-Logo-8x12.png 8w, https:\/\/srs-shutters.com\/wp-content\/uploads\/2022\/11\/SRS-Logo-630x964.png 630w, https:\/\/srs-shutters.com\/wp-content\/uploads\/2022\/11\/SRS-Logo-420x642.png 420w, https:\/\/srs-shutters.com\/wp-content\/uploads\/2022\/11\/SRS-Logo-315x482.png 315w\">\t\t\t\t\t\t\t\n\t<h1>Aluminium roller shutters for vehicles<\/h1>\n\t<h5>SRS SHUTTER \u00e8 un&#8217;azienda di Brescia con pi\u00f9 di 50 anni di esperienza nella produzione di serrande ed \u00e8 specializzata nella produzione, estrusione e assemblaggio di profili in alluminio.<\/h5>\n<p>L&#8217;obiettivo principale per la ditta SRS \u00e8 quello di poter offrire al cliente la migliore competenza e affidabilit\u00e0 nel settore delle serrande in alluminio per veicoli speciali.<\/p>\n<p>Tra i punti di forza dell&#8217;azienda possiamo annoverare l&#8217;esperienza trentennale nella produzione di serrande in alluminio per autoveicoli e l&#8217;eccellente abilit\u00e0 di lavorazione dei profili in alluminio: dalla loro estrusione fino al prodotto finale assemblato.<\/p>\n\t<h1>DISCOVER OUR PARTNERS<\/h1>\n\t<p>Trovaci ovunque nel mondo! Le nostre sedi e i nostri collaboratori sono presenti sia in Italia che all&#8217;estero e sono sempre pronti per ascoltare e trovare soluzioni innovative alle vostre esigenze! Scopri dove trovarci.<\/p>\n\t\t\t<a href=\"https:\/\/srs-shutters.com\/en\/mappa-sedi\/\" target=\"_self\" role=\"button\" rel=\"noopener\">\n\t\t\t\t\t\t\tPARTNER\n\t\t\t\t\t<\/a>\n<\/div><!-- .vgblk-rw-wrapper -->","protected":false},"excerpt":{"rendered":"<p>Contattaci +39 030 2680909&nbsp; sales@srs-shutters.com Dove siamo Via Benedetto Castelli 44, 46, 48 25010 Montirone (BS) &#8211; Italia Scopri le applicazioni Scopri i prodotti PERSONALIZZAZIONE Finiture e loghi su richiesta COLLABORAZIONE Contatto costante con il cliente ESPERIENZA Da 50 anni nel settore TECNICA Produzione con tecniche moderne e innovative QUALIT\u00c0 Monitoraggio costante in fase di&#8230;<\/p>","protected":false},"author":2,"featured_media":0,"parent":0,"menu_order":0,"comment_status":"closed","ping_status":"closed","template":"","meta":{"inline_featured_image":false,"footnotes":""},"_links":{"self":[{"href":"https:\/\/srs-shutters.com\/en\/wp-json\/wp\/v2\/pages\/988130"}],"collection":[{"href":"https:\/\/srs-shutters.com\/en\/wp-json\/wp\/v2\/pages"}],"about":[{"href":"https:\/\/srs-shutters.com\/en\/wp-json\/wp\/v2\/types\/page"}],"author":[{"embeddable":true,"href":"https:\/\/srs-shutters.com\/en\/wp-json\/wp\/v2\/users\/2"}],"replies":[{"embeddable":true,"href":"https:\/\/srs-shutters.com\/en\/wp-json\/wp\/v2\/comments?post=988130"}],"version-history":[{"count":5,"href":"https:\/\/srs-shutters.com\/en\/wp-json\/wp\/v2\/pages\/988130\/revisions"}],"predecessor-version":[{"id":988719,"href":"https:\/\/srs-shutters.com\/en\/wp-json\/wp\/v2\/pages\/988130\/revisions\/988719"}],"wp:attachment":[{"href":"https:\/\/srs-shutters.com\/en\/wp-json\/wp\/v2\/media?parent=988130"}],"curies":[{"name":"wp","href":"https:\/\/api.w.org\/{rel}","templated":true}]}}