{"id":988145,"date":"2022-11-22T10:29:22","date_gmt":"2022-11-22T10:29:22","guid":{"rendered":"http:\/\/srs-shutters.com\/?page_id=988145"},"modified":"2022-11-29T09:57:44","modified_gmt":"2022-11-29T09:57:44","slug":"chi-siamo","status":"publish","type":"page","link":"https:\/\/srs-shutters.com\/en\/chi-siamo\/","title":{"rendered":"Chi siamo"},"content":{"rendered":"<div class=\"vgblk-rw-wrapper limit-wrapper\">\n<a name=\"cosafacciamo\"><\/a>\n\t\t\t\t\t\t\t<img decoding=\"async\" loading=\"lazy\" src=\"http:\/\/srs-shutters.com\/wp-content\/uploads\/2022\/11\/SRS-Logo.png\" alt=\"SRS-Logo\" itemprop=\"image\" height=\"1265\" width=\"827\" title=\"SRS-Logo\" onerror=\"this.style.display='none'\" sizes=\"(max-width: 768px) 100vw, 100vw\" srcset=\"http:\/\/srs-shutters.com\/wp-content\/uploads\/2022\/11\/SRS-Logo.png 827w, http:\/\/srs-shutters.com\/wp-content\/uploads\/2022\/11\/SRS-Logo-196x300.png 196w, http:\/\/srs-shutters.com\/wp-content\/uploads\/2022\/11\/SRS-Logo-669x1024.png 669w, http:\/\/srs-shutters.com\/wp-content\/uploads\/2022\/11\/SRS-Logo-768x1175.png 768w, http:\/\/srs-shutters.com\/wp-content\/uploads\/2022\/11\/SRS-Logo-8x12.png 8w, http:\/\/srs-shutters.com\/wp-content\/uploads\/2022\/11\/SRS-Logo-630x964.png 630w, http:\/\/srs-shutters.com\/wp-content\/uploads\/2022\/11\/SRS-Logo-420x642.png 420w, http:\/\/srs-shutters.com\/wp-content\/uploads\/2022\/11\/SRS-Logo-315x482.png 315w\">\t\t\t\t\t\t\t\n\t<h5>L&#8217;obbiettivo principale dell&#8217;azienda \u00e8 quello di offrire competenza e affidabilit\u00e0 ai suoi clienti nella produzione di serrande in alluminio per veicoli speciali. L&#8217;azienda ha pi\u00f9 di 50 anni di esperienza nella produzione di serrande ed \u00e8 specializzata nella produzione, estrusione e assemblaggio di profili in alluminio.<\/h5>\n\t<p><strong>Le serrande SRS Roller Shutters vengono vendute e prodotte da <a href=\"https:\/\/serenaproduction.it\/\"><em>Serena Production S.r.l.<\/em><\/a><\/strong><\/p>\n<p>I prodotti SRS sono totalmente realizzati in Italia e sono sinonimo di affidabilit\u00e0, funzionalit\u00e0, tecnica ed estetica che solo un prodotto made in Italy sa racchiudere e offrire ad un mercato internazionale &#8211; globale come quello dei veicoli speciali.<\/p>\n<h2>\n\tProduzione e distribuzione <b>SRS Shutters<\/b>\n\t<\/h2>\n\tLa rete di distribuzione \u00e8 capillare, con pi\u00f9 punti di riferimento sul territorio europeo.<br>\nLa capacit\u00e0 di seguire ogni singola fornitura, dalla fase di proposta e acquisizione dell&#8217;ordine, fino alla consegna e assistenza post-vendita, sono solo alcune delle certezze che Serena Production \u00e8 in grado di mettere a disposizione del cliente. L&#8217;azienda fa vanto delle pi\u00f9 avanzate e moderne soluzioni in tutte le fasi che portano alla realizzazione del prodotto: dall&#8217;estrusione dei profili, alla loro lavorazione, allo stampaggio dei particolari, fino all&#8217;imballaggio.\n<h2>\n\t<b>Qualificati<\/b> e professionali \n\t<\/h2>\n\t<p>Tutte le operazioni vengono monitorate da personale qualificato che verifica costantemente la corretta fase di lavorazione e le caratteristiche del prodotto lavorato. Il nostro staff \u00e8 sempre pronto al servizio del cliente, per risolvere eventuali esigenze e dare un suggerimento tecnico; ottenendo cos\u00ec anche dal cliente nuove opportunit\u00e0, soluzioni di montaggio e suggerimenti per il continuo miglioramento dei prodotti.<\/p>\n\t<h1>Advantages and features<\/h1>\n<h3>\n\tLe serrande SRS Roller Shutters sono garantite e omologate per essere sempre efficienti e resistenti al 100%\n\t<\/h3>\n\t\u2022 Affidabilit\u00e0 e resistenza agli eventi atmosferici<br>\n\u2022 Perfetta scorrevolezza<br>\n\u2022 Movimento bilanciato<br>\n\u2022 Facilit\u00e0 di montaggio e utilizzo<br>\n\u2022 Maneggevolezza<br>\n\u2022 Minimo ingombro esterno<br>\n\u2022 Sicurezza per l&#8217;operatore<br>\n\u2022 Esecuzione su misura del cliente<br>\n\u2022 Diversi terminali di chiusura e impugnature<br>\n\u2022 Rulli avvolgitori con 2 diversi diametri di avvolgimento (a seconda delle dimensioni della serranda); per garantire la massima robustezza ed affidabilit\u00e0 nel tempo, ma anche il minimo ingombro interno<br>\n\u2022 Semplice inserimento nelle carrozzerie\n\t\u2022 Centinatura dei profili guida laterali su misura<br>\n\u2022 Diversi profili di guida laterale per meglio adattarsi alle<br>\ndiverse soluzioni di carrozzeria<br>\n\u2022 Verniciatura a polvere per il massimo risultato estetico<br>\n\u2022 Optional disponibili:<br>\n&#8211; interruttori elettromagnetici 12V 2c e 24V 2c<br>\n&#8211; magneti con piastrino<br>\n&#8211; plafoniere a lampada standard, al neon e moduli a led<br>\n&#8211; comandi e motorizzazioni a 12V &#8211; 24V &#8211; 230V<br>\n\u2022 Inserimento logo personalizzato del cliente<br>\n\u2022 Consegna rapida<br>\n\u2022 Ricambi sempre disponibili<br>\n\u2022 Esperienza e consulenza a disposizione del cliente\n\t<a href=\"https:\/\/srs-shutters.com\/en\/prodotti\/\" target=\"_self\" role=\"button\" rel=\"noopener\">\n\t\t\t\t\tScopri i prodotti \u2192\n\t<\/a>\n<h2 class=\" translation-block\"><span class=\"vamtam-heading-text\">Contact us for <b>information<\/b><\/span><\/h2>\n<h4>\n\tEQUIPMENT AND SHUTTERS FOR VEHICLES\n\t<\/h4>\n\tPer ricevere maggiori informazioni o per richiedere un preventivo in merito ai nostri&nbsp;<strong id=\"1632634175\">allestimenti per veicoli speciali<\/strong>, compila il form presente in questa pagina. Verrai ricontattato in tempi brevi dal nostro staff incaricato.\nIn alternativa contatta direttamente la sede di Serena Production srl ai numeri di telefono:\n<p><strong id=\"1246094839\">030 2680909 &#8211; 030 2677496 &#8211; 030 2170480<\/strong><\/p>\n    Avviso: JavaScript \u00e8 obbligatorio per questo contenuto.\n        <!-- TODO: Move to Template File. -->\n<\/div><!-- .vgblk-rw-wrapper -->","protected":false},"excerpt":{"rendered":"<p>L&#8217;obbiettivo principale dell&#8217;azienda \u00e8 quello di offrire competenza e affidabilit\u00e0 ai suoi clienti nella produzione di serrande in alluminio per veicoli speciali. L&#8217;azienda ha pi\u00f9 di 50 anni di esperienza nella produzione di serrande ed \u00e8 specializzata nella produzione, estrusione e assemblaggio di profili in alluminio. Le serrande SRS Roller Shutters vengono vendute e prodotte&#8230;<\/p>","protected":false},"author":2,"featured_media":0,"parent":0,"menu_order":0,"comment_status":"closed","ping_status":"closed","template":"","meta":{"inline_featured_image":false,"footnotes":""},"_links":{"self":[{"href":"https:\/\/srs-shutters.com\/en\/wp-json\/wp\/v2\/pages\/988145"}],"collection":[{"href":"https:\/\/srs-shutters.com\/en\/wp-json\/wp\/v2\/pages"}],"about":[{"href":"https:\/\/srs-shutters.com\/en\/wp-json\/wp\/v2\/types\/page"}],"author":[{"embeddable":true,"href":"https:\/\/srs-shutters.com\/en\/wp-json\/wp\/v2\/users\/2"}],"replies":[{"embeddable":true,"href":"https:\/\/srs-shutters.com\/en\/wp-json\/wp\/v2\/comments?post=988145"}],"version-history":[{"count":0,"href":"https:\/\/srs-shutters.com\/en\/wp-json\/wp\/v2\/pages\/988145\/revisions"}],"wp:attachment":[{"href":"https:\/\/srs-shutters.com\/en\/wp-json\/wp\/v2\/media?parent=988145"}],"curies":[{"name":"wp","href":"https:\/\/api.w.org\/{rel}","templated":true}]}}