{"id":987948,"date":"2022-11-09T15:02:23","date_gmt":"2022-11-09T15:02:23","guid":{"rendered":"http:\/\/srs-shutters.com\/?post_type=product&#038;p=987948"},"modified":"2024-01-24T07:44:59","modified_gmt":"2024-01-24T07:44:59","slug":"srs-eco-simply","status":"publish","type":"product","link":"https:\/\/srs-shutters.com\/en\/product\/srs-eco-simply\/","title":{"rendered":"SRS ECO SIMPLY"},"content":{"rendered":"<div class=\"vgblk-rw-wrapper limit-wrapper\">\n<h1>\n\t\tSRS ECO SIMPLY\n\t<\/h1>\n\t\t\t\t<a href=\"https:\/\/srs-shutters.com\/wp-content\/uploads\/2022\/11\/SRS-ECO-SIMPLY.jpg\" target=\"_self\" itemprop=\"url\" title=\"SRS ECO SIMPLY\" rel=\"noopener\">\n\t\t\t\t\t\t\t<img loading=\"lazy\" decoding=\"async\" width=\"437\" height=\"457\" src=\"http:\/\/srs-shutters.com\/wp-content\/uploads\/2022\/11\/SRS-ECO-SIMPLY.jpg\" alt=\"SRS ECO SIMPLY\" itemprop=\"image\" data-link-type=\"lightbox\" title=\"SRS ECO SIMPLY\" onerror=\"this.style.display='none'\"  sizes=\"(max-width: 768px) 100vw, 100vw\" srcset=\"https:\/\/srs-shutters.com\/wp-content\/uploads\/2022\/11\/SRS-ECO-SIMPLY.jpg 437w, https:\/\/srs-shutters.com\/wp-content\/uploads\/2022\/11\/SRS-ECO-SIMPLY-287x300.jpg 287w, https:\/\/srs-shutters.com\/wp-content\/uploads\/2022\/11\/SRS-ECO-SIMPLY-11x12.jpg 11w, https:\/\/srs-shutters.com\/wp-content\/uploads\/2022\/11\/SRS-ECO-SIMPLY-420x439.jpg 420w, https:\/\/srs-shutters.com\/wp-content\/uploads\/2022\/11\/SRS-ECO-SIMPLY-315x329.jpg 315w\" \/>\t\t\t\t\t\t<\/a>\n<h2>\n\t\tDescription of SRS ECO SIMPLY\n\t<\/h2>\n\tLa serranda in alluminio mod. ECO SIMPLY viene assemblata con profili H30 o H38, \u00e8 realizzata su misura in estrusi in alluminio, con forme e caratteristiche particolari. Questo modello viene utilizzato prevalentemente per chiudere vani porta-materiali di piccole e medie dimensioni, in sostituzione agli scomodi battenti. Viene realizzata su misura ed \u00e8 anodizzata argento o verniciata Ral 7035. Su richiesta del cliente \u00e8 disponibile la verniciatura in tutta la gamma dei colori Ral. Il sistema di scorrimento di questo modello di serranda permette di occupare meno spazio possibile all&#8217;interno del vano. Difatti la serranda si ripone piatta orizzontalmente sotto il tetto e l&#8217;eventuale lunghezza in eccesso si pone sul<br \/>\nfondo del veicolo in verticale. Questo sistema di scorrimento interno detto &#8220;a scomparsa&#8221; viene consigliato per superfici max. fino a 1 metro quadro. Questa soluzione ha un costo contenuto ed \u00e8 di facile montaggio, ma garantisce in ogni modo lo stesso livello di affidabilit\u00e0, qualit\u00e0 ed estetica degli altri modelli serranda.\n\t<table>\n<tbody>\n<tr>\n<td colspan=\"2\"><strong>OPERATING DIMENSIONS<\/strong><\/td>\n<\/tr>\n<tr>\n<td>Maximum surface area allowed<\/td>\n<td>1 m\u00b2<\/td>\n<\/tr>\n<\/tbody>\n<\/table>\n\t<table>\n<tbody>\n<tr>\n<td colspan=\"2\"><strong>SHUTTER WEIGHT FOR 1m\u00b2<\/strong><\/td>\n<\/tr>\n<tr>\n<td>Shutter H30<\/td>\n<td>13 Kg<\/td>\n<\/tr>\n<tr>\n<td>Shutter H38<\/td>\n<td>11 Kg<\/td>\n<\/tr>\n<\/tbody>\n<\/table>\n\t\t\t<a href=\"\/wp-content\/uploads\/2023\/02\/2-ECO-SIMPLY-EN.pdf\" target=\"_blank\" rel=\"noopener\">\n\t\t\t\t\t\t\tTECHNICAL DATA\n\t\t\t\t\t<\/a>\n\t\t\t<a href=\"http:\/\/srs-shutters.com\/wp-content\/uploads\/2024\/01\/1-SIMPLY-Modulo-2022-ENG.pdf\" target=\"_blank\" rel=\"noopener\">\n\t\t\t\t\t\t\tASSEMBLY INSTRUCTIONS\n\t\t\t\t\t<\/a>\n\t\t\t<a href=\"http:\/\/srs-shutters.com\/wp-content\/uploads\/2024\/01\/1-SIMPLY-Modulo-2022-ITA.pdf\" target=\"_self\" rel=\"noopener\">\n\t\t\t\t\t\t\tORDER FORM\n\t\t\t\t\t<\/a>\n\t\t\t<a href=\"https:\/\/srs-shutters.com\/en\/contatti\/\" target=\"_self\" rel=\"noopener\">\n\t\t\t\t\t\tCONTACT US\n\t\t\t\t\t<\/a>\n<h4>\n\tPRODUCTION OF ALUMINUM SHUTTERS FOR INDUSTRIAL VEHICLES\n\t<\/h4>\n<h2 class=\" translation-block\"><span class=\"vamtam-heading-text\">Contact us for information, fill out the form and request a free quote immediately!<\/span><\/h2>\n\tPer ricevere maggiori informazioni o per richiedere un preventivo in merito alle nostre <strong>serrande in alluminio<\/strong><strong id=\"1632634175\"> per veicoli industriali e commerciali<\/strong>, compila il form presente in questa pagina. Verrai ricontattato in tempi brevi dal nostro staff incaricato.\nIl alternativa contatta direttamente la sede di Serena Production srl ai numeri di telefono:\n<p><strong id=\"1246094839\">030 2680909 &#8211; 030 2677496 &#8211; 030 2170480<\/strong><\/p>\n\t\t\t\t\t\t\t<img loading=\"lazy\" decoding=\"async\" width=\"196\" height=\"300\" src=\"http:\/\/srs-shutters.com\/wp-content\/uploads\/2022\/11\/SRS-Logo-bianco-196x300.png\" alt=\"SRS-Logo-bianco\" itemprop=\"image\" title=\"SRS-Logo-bianco\" onerror=\"this.style.display='none'\"  sizes=\"(max-width: 768px) 100vw, 100vw\" srcset=\"https:\/\/srs-shutters.com\/wp-content\/uploads\/2022\/11\/SRS-Logo-bianco-196x300.png 196w, https:\/\/srs-shutters.com\/wp-content\/uploads\/2022\/11\/SRS-Logo-bianco-630x964.png 630w, https:\/\/srs-shutters.com\/wp-content\/uploads\/2022\/11\/SRS-Logo-bianco-669x1024.png 669w, https:\/\/srs-shutters.com\/wp-content\/uploads\/2022\/11\/SRS-Logo-bianco-768x1175.png 768w, https:\/\/srs-shutters.com\/wp-content\/uploads\/2022\/11\/SRS-Logo-bianco-8x12.png 8w, https:\/\/srs-shutters.com\/wp-content\/uploads\/2022\/11\/SRS-Logo-bianco-420x642.png 420w, https:\/\/srs-shutters.com\/wp-content\/uploads\/2022\/11\/SRS-Logo-bianco-315x482.png 315w, https:\/\/srs-shutters.com\/wp-content\/uploads\/2022\/11\/SRS-Logo-bianco.png 827w\" \/>\t\t\t\t\t\t\t\n\t\n<div class=\"wpcf7 no-js\" id=\"wpcf7-f988592-o1\" lang=\"it-IT\" dir=\"ltr\">\n<div class=\"screen-reader-response\"><p role=\"status\" aria-live=\"polite\" aria-atomic=\"true\"><\/p> <ul><\/ul><\/div>\n<form action=\"\/en\/wp-json\/wp\/v2\/product\/987948#wpcf7-f988592-o1\" method=\"post\" class=\"wpcf7-form init\" aria-label=\"Modulo di contatto\" novalidate=\"novalidate\" data-status=\"init\" data-trp-original-action=\"\/en\/wp-json\/wp\/v2\/product\/987948#wpcf7-f988592-o1\">\n<div style=\"display: none;\">\n<input type=\"hidden\" name=\"_wpcf7\" value=\"988592\" \/>\n<input type=\"hidden\" name=\"_wpcf7_version\" value=\"5.8.6\" \/>\n<input type=\"hidden\" name=\"_wpcf7_locale\" value=\"it_IT\" \/>\n<input type=\"hidden\" name=\"_wpcf7_unit_tag\" value=\"wpcf7-f988592-o1\" \/>\n<input type=\"hidden\" name=\"_wpcf7_container_post\" value=\"0\" \/>\n<input type=\"hidden\" name=\"_wpcf7_posted_data_hash\" value=\"\" \/>\n<input type=\"hidden\" name=\"_wpcf7_recaptcha_response\" value=\"\" \/>\n<\/div>\n<p><label> Name and Surname<br \/>\n<span class=\"wpcf7-form-control-wrap\" data-name=\"your-name\"><input size=\"40\" class=\"wpcf7-form-control wpcf7-text wpcf7-validates-as-required\" aria-required=\"true\" aria-invalid=\"false\" value=\"\" type=\"text\" name=\"your-name\" \/><\/span> <\/label>\n<\/p>\n<p><label> Company<br \/>\n<span class=\"wpcf7-form-control-wrap\" data-name=\"your-azienda\"><input size=\"40\" class=\"wpcf7-form-control wpcf7-text wpcf7-validates-as-required\" aria-required=\"true\" aria-invalid=\"false\" value=\"\" type=\"text\" name=\"your-azienda\" \/><\/span> <\/label>\n<\/p>\n<p><label> E-mail<br \/>\n<span class=\"wpcf7-form-control-wrap\" data-name=\"your-email\"><input size=\"40\" class=\"wpcf7-form-control wpcf7-email wpcf7-validates-as-required wpcf7-text wpcf7-validates-as-email\" aria-required=\"true\" aria-invalid=\"false\" value=\"\" type=\"email\" name=\"your-email\" \/><\/span> <\/label>\n<\/p>\n<p><label>Phone<br \/>\n<span class=\"wpcf7-form-control-wrap\" data-name=\"tel-679\"><input size=\"40\" class=\"wpcf7-form-control wpcf7-tel wpcf7-text wpcf7-validates-as-tel\" aria-invalid=\"false\" value=\"\" type=\"tel\" name=\"tel-679\" \/><\/span> <\/label>\n<\/p>\n<p><label> Product of your interest:<br \/>\n<span class=\"wpcf7-form-control-wrap\" data-name=\"your-prodotto\"><input size=\"40\" class=\"wpcf7-form-control wpcf7-text wpcf7-validates-as-required\" aria-required=\"true\" aria-invalid=\"false\" value=\"\" type=\"text\" name=\"your-prodotto\" \/><\/span> <\/label>\n<\/p>\n<p><label> Information \/ message<br \/>\n<span class=\"wpcf7-form-control-wrap\" data-name=\"your-message\"><textarea cols=\"40\" rows=\"10\" class=\"wpcf7-form-control wpcf7-textarea\" aria-invalid=\"false\" name=\"your-message\"><\/textarea><\/span> <\/label>\n<\/p>\n<p><span id=\"wpcf7-69dc5eddbaff9-wrapper\" class=\"wpcf7-form-control-wrap honeypot-744-wrap\" style=\"display:none !important; visibility:hidden !important;\"><label for=\"912\" class=\"hp-message\">Si prega di lasciare vuoto questo campo.<\/label><input id=\"912\"  class=\"wpcf7-form-control wpcf7-text\" type=\"text\" name=\"honeypot-744\" value=\"\" size=\"40\" tabindex=\"-1\" autocomplete=\"new-password\" \/><\/span>\n<\/p>\n<p><span class=\"wpcf7-form-control-wrap\" data-name=\"acceptance-805\"><span class=\"wpcf7-form-control wpcf7-acceptance\"><span class=\"wpcf7-list-item\"><label><input type=\"checkbox\" name=\"acceptance-805\" value=\"1\" aria-invalid=\"false\" \/><span class=\"wpcf7-list-item-label\">I have read and accept the<a href=\"https:\/\/srs-shutters.com\/en\/privacy-policy\/\">Privacy Policy<\/a><\/span><\/label><\/span><\/span><\/span>\n<\/p>\n\n<p><input class=\"wpcf7-form-control wpcf7-submit has-spinner\" type=\"submit\" value=\"Submit\" \/>\n<\/p><div class=\"wpcf7-response-output\" aria-hidden=\"true\"><\/div>\n<input type=\"hidden\" name=\"trp-form-language\" value=\"en\"\/><\/form>\n<\/div>\n\n\n<\/div><!-- .vgblk-rw-wrapper -->","protected":false},"excerpt":{"rendered":"<p>SRS ECO SIMPLY Descrizione serranda SRS ECO SIMPLY La serranda in alluminio mod. ECO SIMPLY viene assemblata con profili H30 o H38, \u00e8 realizzata su misura in estrusi in alluminio, con forme e caratteristiche particolari. Questo modello viene utilizzato prevalentemente per chiudere vani porta-materiali di piccole e medie dimensioni, in sostituzione agli scomodi battenti. Viene&#8230;<\/p>","protected":false},"featured_media":987949,"template":"","meta":{"inline_featured_image":false},"product_cat":[73,60],"product_tag":[],"_links":{"self":[{"href":"https:\/\/srs-shutters.com\/en\/wp-json\/wp\/v2\/product\/987948"}],"collection":[{"href":"https:\/\/srs-shutters.com\/en\/wp-json\/wp\/v2\/product"}],"about":[{"href":"https:\/\/srs-shutters.com\/en\/wp-json\/wp\/v2\/types\/product"}],"wp:featuredmedia":[{"embeddable":true,"href":"https:\/\/srs-shutters.com\/en\/wp-json\/wp\/v2\/media\/987949"}],"wp:attachment":[{"href":"https:\/\/srs-shutters.com\/en\/wp-json\/wp\/v2\/media?parent=987948"}],"wp:term":[{"taxonomy":"product_cat","embeddable":true,"href":"https:\/\/srs-shutters.com\/en\/wp-json\/wp\/v2\/product_cat?post=987948"},{"taxonomy":"product_tag","embeddable":true,"href":"https:\/\/srs-shutters.com\/en\/wp-json\/wp\/v2\/product_tag?post=987948"}],"curies":[{"name":"wp","href":"https:\/\/api.w.org\/{rel}","templated":true}]}}